{"id":1259,"date":"2021-07-02T07:17:54","date_gmt":"2021-07-02T07:17:54","guid":{"rendered":"https:\/\/heartforzambia.com\/?page_id=1259"},"modified":"2021-09-26T14:56:02","modified_gmt":"2021-09-26T14:56:02","slug":"novosti-price","status":"publish","type":"page","link":"https:\/\/heartforzambia.com\/hr\/novosti-price\/","title":{"rendered":"Novosti &#038; Pri\u010de"},"content":{"rendered":"\n<section class=\"wp-block-uagb-section uagb-section__wrap uagb-section__background-image uagb-block-423ea95d\"><div class=\"uagb-section__overlay\"><\/div><div class=\"uagb-section__inner-wrap\"><\/div><\/section>\n\n\n\n<section class=\"blog-list-section wp-block-acf-blog-list\">\n  <div class=\"blog-list-section__container\">\n          <div class=\"blog-list-section__headline\">\n        Novosti &amp; Pri\u010de      <\/div>\n      <\/div>\n  <div class=\"blog-list-section__container blog-list-section__posts\">\n    \n<article class=\"article-grid  article-grid--blog\">\n  <div class=\"article-grid__container\">\n    <div class=\"article-grid__media\">\n      <img loading=\"lazy\" decoding=\"async\" width=\"1400\" height=\"700\" src=\"https:\/\/heartforzambia.com\/wp-content\/uploads\/2023\/12\/1.jpg\" class=\"article-grid__media-image\" alt=\"\" srcset=\"https:\/\/heartforzambia.com\/wp-content\/uploads\/2023\/12\/1.jpg 1400w, https:\/\/heartforzambia.com\/wp-content\/uploads\/2023\/12\/1-768x384.jpg 768w\" sizes=\"auto, (max-width: 1400px) 100vw, 1400px\" \/>      <a href=\"https:\/\/heartforzambia.com\/hr\/bozic-bog-koji-trazi-covjeka\/\" class=\"article-grid__media-link\" aria-label=\"BO\u017dI\u0106 &#8211; BOG KOJI TRA\u017dI \u010cOVJEKA\"><\/a>\n    <\/div>\n    <div class=\"article-grid__content\">\n      <div class=\"article-grid__category\" style=\"color: #2cc479;\">\n        Novosti      <\/div>\n      <h4 class=\"article-grid__heading\">\n        <a class=\"article-grid__heading-link\" href=\"https:\/\/heartforzambia.com\/hr\/bozic-bog-koji-trazi-covjeka\/\">\n          BO\u017dI\u0106 &#8211; BOG KOJI TRA\u017dI \u010cOVJEKA        <\/a>\n      <\/h4>\n      <div class=\"article-grid__excerpt\">\n        \u201eZa Isusa je najva\u017enije dose\u0107i i spasiti one koji su daleko, vidati rane bolesnima, ponovno integrirati sve u Bo\u017eju obitelj. A to neke sabla\u017enjava! A Isus se ne boji ovakve vrste skandala! On ne misli na zatvorene osobe koji su sabla\u017enjene \u010dak i ozdravljenjem, koje&hellip;      <\/div>\n      <a href=\"https:\/\/heartforzambia.com\/hr\/bozic-bog-koji-trazi-covjeka\/\" class=\"article-grid__more-link\">\n        Learn more      <\/a>\n    <\/div>\n  <\/div>\n<\/article>\n\n<article class=\"article-grid  article-grid--blog\">\n  <div class=\"article-grid__container\">\n    <div class=\"article-grid__media\">\n      <img loading=\"lazy\" decoding=\"async\" width=\"2560\" height=\"1244\" src=\"https:\/\/heartforzambia.com\/wp-content\/uploads\/2023\/11\/1-scaled.jpg\" class=\"article-grid__media-image\" alt=\"\" srcset=\"https:\/\/heartforzambia.com\/wp-content\/uploads\/2023\/11\/1-scaled.jpg 2560w, https:\/\/heartforzambia.com\/wp-content\/uploads\/2023\/11\/1-768x373.jpg 768w, https:\/\/heartforzambia.com\/wp-content\/uploads\/2023\/11\/1-1536x747.jpg 1536w, https:\/\/heartforzambia.com\/wp-content\/uploads\/2023\/11\/1-2048x996.jpg 2048w\" sizes=\"auto, (max-width: 2560px) 100vw, 2560px\" \/>      <a href=\"https:\/\/heartforzambia.com\/hr\/sedmi-svjetski-dan-siromaha\/\" class=\"article-grid__media-link\" aria-label=\"SEDMI SVJETSKI DAN SIROMAHA (19. 11. 2023.)\"><\/a>\n    <\/div>\n    <div class=\"article-grid__content\">\n      <div class=\"article-grid__category\" style=\"color: #2cc479;\">\n        Novosti      <\/div>\n      <h4 class=\"article-grid__heading\">\n        <a class=\"article-grid__heading-link\" href=\"https:\/\/heartforzambia.com\/hr\/sedmi-svjetski-dan-siromaha\/\">\n          SEDMI SVJETSKI DAN SIROMAHA (19. 11. 2023.)        <\/a>\n      <\/h4>\n      <div class=\"article-grid__excerpt\">\n        \u201eNe okre\u0107i lica od siromaha\u201c&nbsp;(Tob 4, 7) \u201eRijeka siroma\u0161tva te\u010de kroz na\u0161e gradove i sela i postaje sve ve\u0107a i ve\u0107a dok se ne prelije iz korita. Ta rijeka kao da nas je preplavila, toliko je glasan vapaj na\u0161e bra\u0107e i sestara koji tra\u017ee na\u0161u&hellip;      <\/div>\n      <a href=\"https:\/\/heartforzambia.com\/hr\/sedmi-svjetski-dan-siromaha\/\" class=\"article-grid__more-link\">\n        Learn more      <\/a>\n    <\/div>\n  <\/div>\n<\/article>\n\n<article class=\"article-grid  article-grid--blog\">\n  <div class=\"article-grid__container\">\n    <div class=\"article-grid__media\">\n      <img loading=\"lazy\" decoding=\"async\" width=\"2560\" height=\"1441\" src=\"https:\/\/heartforzambia.com\/wp-content\/uploads\/2023\/09\/1-2-scaled.jpg\" class=\"article-grid__media-image\" alt=\"\" srcset=\"https:\/\/heartforzambia.com\/wp-content\/uploads\/2023\/09\/1-2-scaled.jpg 2560w, https:\/\/heartforzambia.com\/wp-content\/uploads\/2023\/09\/1-2-768x432.jpg 768w, https:\/\/heartforzambia.com\/wp-content\/uploads\/2023\/09\/1-2-1536x865.jpg 1536w, https:\/\/heartforzambia.com\/wp-content\/uploads\/2023\/09\/1-2-2048x1153.jpg 2048w\" sizes=\"auto, (max-width: 2560px) 100vw, 2560px\" \/>      <a href=\"https:\/\/heartforzambia.com\/hr\/proslava-srebrenog-jubileja-u-misiji-nawinda\/\" class=\"article-grid__media-link\" aria-label=\"PROSLAVA SREBRENOG JUBILEJA U MISIJI NAWINDA\"><\/a>\n    <\/div>\n    <div class=\"article-grid__content\">\n      <div class=\"article-grid__category\" style=\"color: ;\">\n              <\/div>\n      <h4 class=\"article-grid__heading\">\n        <a class=\"article-grid__heading-link\" href=\"https:\/\/heartforzambia.com\/hr\/proslava-srebrenog-jubileja-u-misiji-nawinda\/\">\n          PROSLAVA SREBRENOG JUBILEJA U MISIJI NAWINDA        <\/a>\n      <\/h4>\n      <div class=\"article-grid__excerpt\">\n        \u201e\u0160to god u\u010diniste jednom od ove moje najmanje bra\u0107e, meni u\u010diniste!\u201c (Mt 25, 45) U misiji Nawinda, u nedjelju 20. kolovoza 2023. godine, kad smo blagoslovili i otvorili \u0111a\u010dki dom \u201eBl. Carlo Acutis\u201c, ujedno smo proslavili i moj srebreni jubilej, 25. godi\u0161njicu sve\u0107eni\u0161tva. Obljetnice su&hellip;      <\/div>\n      <a href=\"https:\/\/heartforzambia.com\/hr\/proslava-srebrenog-jubileja-u-misiji-nawinda\/\" class=\"article-grid__more-link\">\n        Learn more      <\/a>\n    <\/div>\n  <\/div>\n<\/article>\n  <\/div>\n\n      <div class=\"blog-list-section__container blog-list-section__container--button container\">\n      <ul class='page-numbers'>\n\t<li><span aria-current=\"page\" class=\"page-numbers current\">1<\/span><\/li>\n\t<li><a class=\"page-numbers\" href=\"https:\/\/heartforzambia.com\/hr\/wp-json\/wp\/v2\/pages\/1259\/page\/2\/\">2<\/a><\/li>\n\t<li><a class=\"page-numbers\" href=\"https:\/\/heartforzambia.com\/hr\/wp-json\/wp\/v2\/pages\/1259\/page\/3\/\">3<\/a><\/li>\n\t<li><a class=\"page-numbers\" href=\"https:\/\/heartforzambia.com\/hr\/wp-json\/wp\/v2\/pages\/1259\/page\/4\/\">4<\/a><\/li>\n\t<li><span class=\"page-numbers dots\">&hellip;<\/span><\/li>\n\t<li><a class=\"page-numbers\" href=\"https:\/\/heartforzambia.com\/hr\/wp-json\/wp\/v2\/pages\/1259\/page\/21\/\">21<\/a><\/li>\n\t<li><a class=\"next page-numbers\" href=\"https:\/\/heartforzambia.com\/hr\/wp-json\/wp\/v2\/pages\/1259\/page\/2\/\"><span class=\"arrow arrow--right\"><\/span><\/a><\/li>\n<\/ul>\n    <\/div>\n  <\/section>\n","protected":false},"excerpt":{"rendered":"","protected":false},"author":1,"featured_media":0,"parent":0,"menu_order":0,"comment_status":"closed","ping_status":"closed","template":"","meta":{"inline_featured_image":false,"_uag_custom_page_level_css":"","footnotes":""},"class_list":["post-1259","page","type-page","status-publish","hentry"],"aioseo_notices":[],"uagb_featured_image_src":{"full":false,"thumbnail":false,"medium":false,"medium_large":false,"large":false,"1536x1536":false,"2048x2048":false},"uagb_author_info":{"display_name":"profico","author_link":"https:\/\/heartforzambia.com\/hr\/author\/profico\/"},"uagb_comment_info":0,"uagb_excerpt":null,"_links":{"self":[{"href":"https:\/\/heartforzambia.com\/hr\/wp-json\/wp\/v2\/pages\/1259","targetHints":{"allow":["GET"]}}],"collection":[{"href":"https:\/\/heartforzambia.com\/hr\/wp-json\/wp\/v2\/pages"}],"about":[{"href":"https:\/\/heartforzambia.com\/hr\/wp-json\/wp\/v2\/types\/page"}],"author":[{"embeddable":true,"href":"https:\/\/heartforzambia.com\/hr\/wp-json\/wp\/v2\/users\/1"}],"replies":[{"embeddable":true,"href":"https:\/\/heartforzambia.com\/hr\/wp-json\/wp\/v2\/comments?post=1259"}],"version-history":[{"count":5,"href":"https:\/\/heartforzambia.com\/hr\/wp-json\/wp\/v2\/pages\/1259\/revisions"}],"predecessor-version":[{"id":2537,"href":"https:\/\/heartforzambia.com\/hr\/wp-json\/wp\/v2\/pages\/1259\/revisions\/2537"}],"wp:attachment":[{"href":"https:\/\/heartforzambia.com\/hr\/wp-json\/wp\/v2\/media?parent=1259"}],"curies":[{"name":"wp","href":"https:\/\/api.w.org\/{rel}","templated":true}]}}