{"id":1263,"date":"2021-07-02T07:18:42","date_gmt":"2021-07-02T07:18:42","guid":{"rendered":"https:\/\/heartforzambia.com\/?page_id=1263"},"modified":"2023-10-14T09:57:29","modified_gmt":"2023-10-14T09:57:29","slug":"tko-smo-mi","status":"publish","type":"page","link":"https:\/\/heartforzambia.com\/hr\/tko-smo-mi\/","title":{"rendered":"Tko smo mi"},"content":{"rendered":"\n<section class=\"wp-block-uagb-section uagb-section__wrap uagb-section__background-image uagb-block-688116d4\"><div class=\"uagb-section__overlay\"><\/div><div class=\"uagb-section__inner-wrap\"><\/div><\/section>\n\n\n\n<section class=\"wp-block-uagb-section uagb-section__wrap uagb-section__background-undefined uagb-block-6df96e49 content-style\"><div class=\"uagb-section__overlay\"><\/div><div class=\"uagb-section__inner-wrap\">\n<div class=\"wp-block-uagb-advanced-heading uagb-block-010640af\"><h2 class=\"uagb-heading-text\">Mi smo Srce za Zambiju<\/h2><\/div>\n\n\n\n<section class=\"wp-block-uagb-columns uagb-columns__wrap uagb-columns__stack-mobile uagb-columns__valign- uagb-columns__gap-10 align uagb-block-4ba2709c uagb-columns__columns-2 uagb-columns__max_width-theme\"><div class=\"uagb-columns__overlay\"><\/div><div class=\"uagb-columns__inner-wrap uagb-columns__columns-2\">\n<div class=\"wp-block-uagb-column uagb-column__wrap uagb-column__background-undefined uagb-block-ba6a4e68\"><div class=\"uagb-column__overlay\"><\/div>\n<p>Humanitarna zaklada Srce za Zambiju ima svrhu pomaganja obrazovnih projekata u Zambiji, jer &#8221;obrazovanje je najmo\u0107nije oru\u017eje koje mo\u017eete koristiti da promijenite svijet&#8221;. (N. Mandela)<\/p>\n\n\n\n<p>Zaklada poma\u017ee razvoju obrazovanja posebno u Zapadnoj provinciji Zambije, najsiroma\u0161nijem i <\/p>\n<\/div>\n\n\n\n<div class=\"wp-block-uagb-column uagb-column__wrap uagb-column__background-undefined uagb-block-8df4b86f\"><div class=\"uagb-column__overlay\"><\/div>\n<p class=\"has-text-align-left\">najnerazvijenijem dijelu ove afri\u010dke dr\u017eave, u kojem ljudi u materijalnom smislu doslovno nemaju ba\u0161 ni\u0161ta.                                                                               U velja\u010di 2020. smo otvorili studentski dom u centru Livingstona, dok trenutno gradimo \u0111a\u010dki dom za 100 djece srednjo\u0161kolske dobi u misiji Nawinda, koja se nalazi veoma daleko od Livingstona. <\/p>\n<\/div>\n<\/div><\/section>\n<\/div><\/section>\n\n\n\n<section class=\"wp-block-uagb-section uagb-section__wrap uagb-section__background-undefined uagb-block-328e84f2 content-style\"><div class=\"uagb-section__overlay\"><\/div><div class=\"uagb-section__inner-wrap\">\n<div class=\"wp-block-uagb-advanced-heading uagb-block-12be8da9\"><h2 class=\"uagb-heading-text\">Pri\u010da o nama<\/h2><\/div>\n\n\n\n<section class=\"wp-block-uagb-columns uagb-columns__wrap uagb-columns__stack-mobile uagb-columns__valign- uagb-columns__gap-10 align uagb-block-da7657c4 uagb-columns__columns-2 uagb-columns__max_width-theme\"><div class=\"uagb-columns__overlay\"><\/div><div class=\"uagb-columns__inner-wrap uagb-columns__columns-2\">\n<div class=\"wp-block-uagb-column uagb-column__wrap uagb-column__background-undefined uagb-block-0ae35786\"><div class=\"uagb-column__overlay\"><\/div>\n<p>Dr. Marino Nin\u010devi\u0107 voli odlaziti na kontinente i u zemlje koje nisu potpuno ili dokraja komercijalizirane. U Africi, konkretnije u Zambiji poznaje misionara vl\u010d. Borisa Dabu. U jednom od njihovih razgovora spontano je do\u0161lo do toga da bi godi\u0161nji odmor mogao provesti kod njega, tj. u misijama koje vodi i pomo\u0107i mu.  Poslao mu je program boravka u misiji Nawinda, a program je uklju\u010divao posjet misijskim postajama, koje obuhva\u0107aju udaljena i zaba\u010dena sela, slavlje misa i sakramenata u tim mjestima, no, i \u017eivot s lokalnim ljudima. <\/p>\n\n\n\n<p>Zaklada Srce za Zambiju djeluje u Zapadnoj provinciji Zambije. To je podru\u010dje na kojemu \u017eivi pleme Lozi, ovo je najsiroma\u0161niji i najnerazvijeniji dio Zambije. Pleme Lozi su drag, dobro\u0107udan, plemenit, gostoljubiv i pobo\u017ean narod. Svojom vedrinom, dobrotom i blago\u0161\u0107u osvajaju na prvu, ne mo\u017ee\u0161 ih ne zavoljeti.<\/p>\n<\/div>\n\n\n\n<div class=\"wp-block-uagb-column uagb-column__wrap uagb-column__background-undefined uagb-block-dda485fe\"><div class=\"uagb-column__overlay\"><\/div>\n<p> Kad \u010dovjek u\u0111e u ovaj dio svijeta ima osje\u0107aj kao da ulazi u neku potpuno druga\u010diju dimenziju, dimenziju nepodno\u0161ljive lako\u0107e postojanja, rekao bi Kundera. Svijet u kojem je \u017eivot toliko razli\u010dit od onoga kojeg poznajemo i \u017eivimo. <\/p>\n\n\n\n<p>&#8220;Unato\u010d tolikoj neima\u0161tini nigdje nisam susreo toliko ljudske dobrote, \u010destitosti, iskrenosti, susretljivosti, osje\u0107aja za druge i one duboke istinske radosti. Moje iskustvo u Zambiji otkrilo mi je \u0161to ljudskom \u017eivotu mo\u017ee dati smisao bez obzira bio \u010dovjek vjernik ili nevjernik: biti otvoren drugima, osobito onima koji su druga\u010diji od nas. To zna\u010di ne gledati u njima suparnike i neprijatelje, nego ljudsku bra\u0107u i sestre, sposobne da u na\u0161 \u017eivot unesu svjetlo, istinu i zajedni\u0161tvo. Biti otvoren zna\u010di iskreno suosje\u0107ati i prihva\u0107ati druge ljude, slu\u0161ati ih, osobito one koji su slabi ili siroma\u0161ni ili potla\u010deni, da bismo s njima mogli \u017eivjeti u zajedni\u0161tvu.&#8221; &#8211; Dr. Marino Nin\u010devi\u0107.<\/p>\n<\/div>\n<\/div><\/section>\n<\/div><\/section>\n\n\n\n<section class=\"wp-block-uagb-columns uagb-columns__wrap uagb-columns__stack-mobile uagb-columns__valign- uagb-columns__gap-10 align uagb-block-33d65cd0 uagb-columns__columns-3 uagb-columns__max_width-custom\"><div class=\"uagb-columns__overlay\"><\/div><div class=\"uagb-columns__inner-wrap uagb-columns__columns-3\">\n<div class=\"wp-block-uagb-column uagb-column__wrap uagb-column__background-image uagb-block-638dcd1a\"><div class=\"uagb-column__overlay\"><\/div><\/div>\n\n\n\n<div class=\"wp-block-uagb-column uagb-column__wrap uagb-column__background-image uagb-block-f5beca2d\"><div class=\"uagb-column__overlay\"><\/div><\/div>\n\n\n\n<div class=\"wp-block-uagb-column uagb-column__wrap uagb-column__background-image uagb-block-008628f1\"><div class=\"uagb-column__overlay\"><\/div><\/div>\n<\/div><\/section>\n\n\n\n<section class=\"wp-block-uagb-section uagb-section__wrap uagb-section__background-undefined uagb-block-cacfce23 content-style\"><div class=\"uagb-section__overlay\"><\/div><div class=\"uagb-section__inner-wrap\">\n<div class=\"wp-block-uagb-advanced-heading uagb-block-dbd7785d\"><h2 class=\"uagb-heading-text\">Na\u0161 tim<\/h2><\/div>\n\n\n\n<section class=\"wp-block-uagb-columns uagb-columns__wrap uagb-columns__stack-mobile uagb-columns__valign- uagb-columns__gap-10 align uagb-block-fce1eed9 uagb-columns__columns-2 uagb-columns__max_width-theme\"><div class=\"uagb-columns__overlay\"><\/div><div class=\"uagb-columns__inner-wrap uagb-columns__columns-2\">\n<div class=\"wp-block-uagb-column uagb-column__wrap uagb-column__background-undefined uagb-block-bb4c30dd\"><div class=\"uagb-column__overlay\"><\/div>\n<p>Ravnatelj Zaklade Srce za Zambiju je sve\u0107enika&nbsp;zadarske nadbiskupije doc. dr. sc. Marino&nbsp;Nin\u010devi\u0107, magistar teologije i doktor pedagogije, profesor na Fakultetu hrvatskih studija, Sveu\u010dili\u0161ta u Zagrebu.&nbsp;Don Marino je zaljubljenik u Zambiju, svako ljeto odlazi u misiju Nawinda i \u017eivi s lokalnim stanovni\u0161tvom, poma\u017eu\u0107i im, pou\u010davaju\u0107i <\/p>\n<\/div>\n\n\n\n<div class=\"wp-block-uagb-column uagb-column__wrap uagb-column__background-undefined uagb-block-8ade803c\"><div class=\"uagb-column__overlay\"><\/div>\n<p>ih i slave\u0107i s njima sakramente.                                           Nela Pedi\u0161i\u0107, Petar Pavi\u0107, Luka Bo\u017ei\u0107 i Filip Pi\u0161kuli\u0107 \u010dlanovi su upravnog odbora i ljudi koji nesebi\u010dno daruju svoje vrijeme za pomo\u0107 Zakladi. Svaki pojedinac mo\u017ee doprinijeti da ovaj svijet postane bolji i ljudskiji. <\/p>\n<\/div>\n<\/div><\/section>\n<\/div><\/section>\n\n\n\n<section class=\"wp-block-uagb-columns uagb-columns__wrap uagb-columns__stack-mobile uagb-columns__valign- uagb-columns__gap-10 align uagb-block-28856fdc uagb-columns__columns-3 uagb-columns__max_width-custom\"><div class=\"uagb-columns__overlay\"><\/div><div class=\"uagb-columns__inner-wrap uagb-columns__columns-3\">\n<div class=\"wp-block-uagb-column uagb-column__wrap uagb-column__background-image uagb-block-8b758b8c\"><div class=\"uagb-column__overlay\"><\/div><\/div>\n\n\n\n<div class=\"wp-block-uagb-column uagb-column__wrap uagb-column__background-image uagb-block-f00d3048\"><div class=\"uagb-column__overlay\"><\/div><\/div>\n\n\n\n<div class=\"wp-block-uagb-column uagb-column__wrap uagb-column__background-image uagb-block-eeb6779d\"><div class=\"uagb-column__overlay\"><\/div><\/div>\n<\/div><\/section>\n\n\n\n<section class=\"wp-block-uagb-section uagb-section__wrap uagb-section__background-undefined uagb-block-f1aa7a3e content-style\"><div class=\"uagb-section__overlay\"><\/div><div class=\"uagb-section__inner-wrap\">\n<div class=\"wp-block-uagb-advanced-heading uagb-block-0565858e\"><h2 class=\"uagb-heading-text\">O Zambiji<\/h2><\/div>\n\n\n\n<section class=\"wp-block-uagb-columns uagb-columns__wrap uagb-columns__stack-mobile uagb-columns__valign- uagb-columns__gap-10 align uagb-block-08af9d12 uagb-columns__columns-2 uagb-columns__max_width-theme\"><div class=\"uagb-columns__overlay\"><\/div><div class=\"uagb-columns__inner-wrap uagb-columns__columns-2\">\n<div class=\"wp-block-uagb-column uagb-column__wrap uagb-column__background-undefined uagb-block-ab31f9f3\"><div class=\"uagb-column__overlay\"><\/div>\n<p>Zambija&nbsp;je dr\u017eava u ju\u017enoj Africi, bez izlaza na more. U Zambiji \u017eivi oko 70 etni\u010dkih, plemenskih, skupina koje uglavnom govore Bantu&nbsp;jezicima, a tih jezika je sveukupno 73. Najve\u0107a plemena su Bemba, Nyanja-Chewa, Tonga, Lunda, Luvale, Kaonde i Lozi. Najzastupljenija religija je kr\u0161\u0107anstvo, najvi\u0161e katoli\u010danstvo, potom muslimani, hinduisti i animisti, tj. oni koji ne pripadaju ni jednoj poznatoj religiji.<\/p>\n\n\n\n<p>U gradovima \u017eivi oko 40% stanovni\u0161tva, a ostali dio \u017eivi po zaba\u010denim i udaljenim selima. Prema popisu iz 2000. godine u Zambiji je bilo 10 milijuna stanovnika, danas se slu\u017ebeno procjenjuje da ih je 20 milijuna, me\u0111utim smatra se da je stvarni broj stanovnika puno ve\u0107i, odnosno da ih je izme\u0111u 35 i 40 milijuna.<\/p>\n<\/div>\n\n\n\n<div class=\"wp-block-uagb-column uagb-column__wrap uagb-column__background-undefined uagb-block-fcab7623\"><div class=\"uagb-column__overlay\"><\/div>\n<p>Klima u Zambiji je tropska. Razlikuju se tri razdoblja: hladno i suho (svibanj\u2013kolovoz, no\u0107na temperatura je izme\u0111u 0 i 5 stupnjeva a dnevna se penje do 37), zatim, vru\u0107e, suho i vjetrovito (rujan\u2013listopad, temperature su po no\u0107i izme\u0111u 25 i 30, preko dana izme\u0111u 35 do 42 stupnja), tre\u0107i period je vru\u0107e i vla\u017eno razdoblje (studeni\u2013travanj, temperature su po no\u0107i iznad 30 stupnjeva a preko dana izme\u0111u 45 i 50, stupnjeva, a nekada i ve\u0107e. U ovom tre\u0107em razdoblju bave se poljoprivredom, sadi se uglavnom kukuruz, me\u0111utim zadnjih godina ki\u0161e je sve manje, pa su zbog toga sve \u010de\u0161\u0107e i gladne godine.&nbsp;<\/p>\n\n\n\n<p>Novac je zambijska kva\u010da, 100 eura iznosi oko 1100 kva\u010da.<\/p>\n<\/div>\n<\/div><\/section>\n<\/div><\/section>\n\n\n\n<section class=\"wp-block-uagb-columns uagb-columns__wrap uagb-columns__stack-mobile uagb-columns__valign- uagb-columns__gap-10 align uagb-block-0ce6e522 uagb-columns__columns-3 uagb-columns__max_width-custom\"><div class=\"uagb-columns__overlay\"><\/div><div class=\"uagb-columns__inner-wrap uagb-columns__columns-3\">\n<div class=\"wp-block-uagb-column uagb-column__wrap uagb-column__background-image uagb-block-3bb417bb\"><div class=\"uagb-column__overlay\"><\/div><\/div>\n\n\n\n<div class=\"wp-block-uagb-column uagb-column__wrap uagb-column__background-image uagb-block-e96c7f43\"><div class=\"uagb-column__overlay\"><\/div><\/div>\n\n\n\n<div class=\"wp-block-uagb-column uagb-column__wrap uagb-column__background-image uagb-block-106a77e5\"><div class=\"uagb-column__overlay\"><\/div><\/div>\n<\/div><\/section>\n\n\n\n<section class=\"press-coverage-section wp-block-acf-press-coverage\" style=\"--background-color:#f5f5f5;\">\n      <img loading=\"lazy\" decoding=\"async\" width=\"1471\" height=\"1570\" src=\"https:\/\/heartforzambia.com\/wp-content\/uploads\/2021\/06\/Heart.svg\" class=\"press-coverage-section__decoration-image object-fit\" alt=\"\" \/>    <div class=\"press-coverage-section__container container\">\n          <h2 class=\"press-coverage-section__headline\">\n        Press      <\/h2>\n        <div class=\"press-coverage-section__list\">\n              <div class=\"press-coverage-section__press\">\n          <div class=\"press-coverage-section__press-news\">\n            Ve\u010dernji list           <\/div>\n          <div class=\"press-coverage-section__press-title\">\n            Don Boris je sagradio desetke \u0161kola i bolnica i \u0161kolovao tisu\u0107e djece           <\/div>\n          <a href=\"https:\/\/www.vecernji.hr\/vijesti\/don-boris-je-sagradio-desetke-skola-i-bolnica-i-skolovao-tisuce-djece-1275564\" class=\"press-coverage-section__press-link\" target=\"_blank\"><\/a>\n        <\/div>\n              <div class=\"press-coverage-section__press\">\n          <div class=\"press-coverage-section__press-news\">\n            Zadarski list          <\/div>\n          <div class=\"press-coverage-section__press-title\">\n            NJEGOVA AFRIKA Don Marino Nin\u010devi\u0107 gradi \u0111a\u010dki dom u Zambiji          <\/div>\n          <a href=\"https:\/\/www.zadarskilist.hr\/clanci\/04082020\/njegova-afrika-don-marino-nincevic-gradi-dacki-dom-u-zambiji\" class=\"press-coverage-section__press-link\" target=\"\"><\/a>\n        <\/div>\n              <div class=\"press-coverage-section__press\">\n          <div class=\"press-coverage-section__press-news\">\n            Srednja.hr          <\/div>\n          <div class=\"press-coverage-section__press-title\">\n            Hrvatski sve\u0107enik i misionar u Zambiji otvorio studentski dom          <\/div>\n          <a href=\"https:\/\/www.srednja.hr\/novosti\/hrvatski-svecenik-misionar-zambiji-otvorio-studentski-dom\/\" class=\"press-coverage-section__press-link\" target=\"\"><\/a>\n        <\/div>\n              <div class=\"press-coverage-section__press\">\n          <div class=\"press-coverage-section__press-news\">\n            Zadarski.hr          <\/div>\n          <div class=\"press-coverage-section__press-title\">\n            Dirljiva pri\u010da iz Afrike: zadarski sve\u0107enik don Marino Nin\u010devi\u0107 vratio je nadu mladima u zaboravljenoj Zambiji.          <\/div>\n          <a href=\"https:\/\/zadarski.slobodnadalmacija.hr\/zadar\/zadar-plus\/dirljiva-prica-iz-afrike-zadarski-svecenik-don-marino-nincevic-vratio-je-nadu-mladima-u-zaboravljenoj-zambiji-sada-imaju-studentski-i-dacki-dom-1047553\" class=\"press-coverage-section__press-link\" target=\"\"><\/a>\n        <\/div>\n              <div class=\"press-coverage-section__press\">\n          <div class=\"press-coverage-section__press-news\">\n            Zadarski.hr          <\/div>\n          <div class=\"press-coverage-section__press-title\">\n            Don Marino dobio donaciju vrijednu \u010dak 45 tisu\u0107a dolara! Evo \u0161to je s tim novcem napravio u Africi          <\/div>\n          <a href=\"https:\/\/zadarski.slobodnadalmacija.hr\/zadar\/4-kantuna\/don-marino-kojemu-je-zadarska-nadbiskupija-zamjerila-varteksovu-kampanju-dobio-donaciju-vrijednu-cak-45-tisuca-dolara-evo-sto-je-s-tim-novcem-napravio-u-africi-617669\" class=\"press-coverage-section__press-link\" target=\"\"><\/a>\n        <\/div>\n              <div class=\"press-coverage-section__press\">\n          <div class=\"press-coverage-section__press-news\">\n            HRT          <\/div>\n          <div class=\"press-coverage-section__press-title\">\n            Hrvatsko srce za Zambiju          <\/div>\n          <a href=\"https:\/\/magazin.hrt.hr\/mladi\/hrvatsko-srce-za-zambiju-875733\" class=\"press-coverage-section__press-link\" target=\"\"><\/a>\n        <\/div>\n              <div class=\"press-coverage-section__press\">\n          <div class=\"press-coverage-section__press-news\">\n            Pun Kufer          <\/div>\n          <div class=\"press-coverage-section__press-title\">\n            Egoist, a humanitarac: Aukcija vina kojom se poma\u017ee najsiroma\u0161nijima          <\/div>\n          <a href=\"https:\/\/punkufer.dnevnik.hr\/clanak\/aktualno\/srce-za-zambiju-humanitarna-aukcija-vina-u-zagrebackom-egoist-baru---584613.html?fbclid=IwAR2TBWk8JH14sbaRgQNEFi1I9LBLz23H1eU-Eq-uKDqn5NiCdySXj1Y2sCc\" class=\"press-coverage-section__press-link\" target=\"\"><\/a>\n        <\/div>\n              <div class=\"press-coverage-section__press\">\n          <div class=\"press-coverage-section__press-news\">\n            Hrvatski glas Berlin          <\/div>\n          <div class=\"press-coverage-section__press-title\">\n            Egoist, a humanitarac: Aukcija vina kojom se poma\u017ee najsiroma\u0161nijima          <\/div>\n          <a href=\"https:\/\/hrvatskiglas-berlin.eu\/?p=199806&#038;fbclid=IwAR1PXVHRua1iGItmvWIDt6fKOi_PEMeBogVCCbXRnh5ks-ZFgrNwlWpEdUM\" class=\"press-coverage-section__press-link\" target=\"\"><\/a>\n        <\/div>\n              <div class=\"press-coverage-section__press\">\n          <div class=\"press-coverage-section__press-news\">\n            Zadarski.hr          <\/div>\n          <div class=\"press-coverage-section__press-title\">\n            Lijepa pri\u010da iz Vrsi: u\u010diteljica \u017deljana Popi\u0107 svoje u\u010denike svakodnevno u\u010di plemenitosti i empatiji. Evo kojim se projektima ponose          <\/div>\n          <a href=\"https:\/\/zadarski.slobodnadalmacija.hr\/zadar\/zadar-plus\/lijepa-prica-iz-vrsi-uciteljica-zeljana-popic-svoje-ucenike-svakodnevno-uci-plemenitosti-i-empatiji-evo-kojim-se-projektima-ponose-1066940?fbclid=IwAR3YFBO4QVuh8oMfJvchNQBZy_w0TnjF6se64rzQbLqMJj6SlOTq122BZDU\" class=\"press-coverage-section__press-link\" target=\"\"><\/a>\n        <\/div>\n              <div class=\"press-coverage-section__press\">\n          <div class=\"press-coverage-section__press-news\">\n            Civilnodru\u0161tvo.hr          <\/div>\n          <div class=\"press-coverage-section__press-title\">\n            Hrvatski forum zaklada ZaDobroBIT bogatiji za pet novih zaklada          <\/div>\n          <a href=\"https:\/\/www.civilnodrustvo.hr\/hrvatski-forum-zaklada-zadobrobit-bogatiji-za-pet-novih-pet-zaklada\/\" class=\"press-coverage-section__press-link\" target=\"\"><\/a>\n        <\/div>\n              <div class=\"press-coverage-section__press\">\n          <div class=\"press-coverage-section__press-news\">\n            Ve\u010dernji list          <\/div>\n          <div class=\"press-coverage-section__press-title\">\n            Afrika \u010dovjeka u\u010di davanju. I zbog hrvatskog srca djeca \u0107e prvi put spavati u krevetu &#8211; Svjetski dan misija 2021.          <\/div>\n          <a href=\"https:\/\/www.vecernji.hr\/vijesti\/afrika-covjeka-uci-davanju-i-zbog-hrvatskog-srca-djeca-ce-prvi-put-spavati-u-krevetu-1534039\" class=\"press-coverage-section__press-link\" target=\"\"><\/a>\n        <\/div>\n              <div class=\"press-coverage-section__press\">\n          <div class=\"press-coverage-section__press-news\">\n            ZaDobro.BIT!          <\/div>\n          <div class=\"press-coverage-section__press-title\">\n            \u201dObrazovanje je najmo\u0107nije oru\u017eje koje mo\u017eete koristiti da promijenite svijet\u201d. (N. Mandela)          <\/div>\n          <a href=\"https:\/\/www.zadobrobit.hr\/dobre-vijest\/obrazovanje-je-najmocnije-oruzje-koje-mozete-koristiti-da-promijenite-svijet-n-mandela\" class=\"press-coverage-section__press-link\" target=\"\"><\/a>\n        <\/div>\n          <\/div>\n  <\/div>\n<\/section>\n","protected":false},"excerpt":{"rendered":"","protected":false},"author":1,"featured_media":0,"parent":0,"menu_order":0,"comment_status":"closed","ping_status":"closed","template":"","meta":{"inline_featured_image":false,"_uag_custom_page_level_css":"","footnotes":""},"class_list":["post-1263","page","type-page","status-publish","hentry"],"aioseo_notices":[],"uagb_featured_image_src":{"full":false,"thumbnail":false,"medium":false,"medium_large":false,"large":false,"1536x1536":false,"2048x2048":false},"uagb_author_info":{"display_name":"profico","author_link":"https:\/\/heartforzambia.com\/hr\/author\/profico\/"},"uagb_comment_info":0,"uagb_excerpt":null,"_links":{"self":[{"href":"https:\/\/heartforzambia.com\/hr\/wp-json\/wp\/v2\/pages\/1263","targetHints":{"allow":["GET"]}}],"collection":[{"href":"https:\/\/heartforzambia.com\/hr\/wp-json\/wp\/v2\/pages"}],"about":[{"href":"https:\/\/heartforzambia.com\/hr\/wp-json\/wp\/v2\/types\/page"}],"author":[{"embeddable":true,"href":"https:\/\/heartforzambia.com\/hr\/wp-json\/wp\/v2\/users\/1"}],"replies":[{"embeddable":true,"href":"https:\/\/heartforzambia.com\/hr\/wp-json\/wp\/v2\/comments?post=1263"}],"version-history":[{"count":21,"href":"https:\/\/heartforzambia.com\/hr\/wp-json\/wp\/v2\/pages\/1263\/revisions"}],"predecessor-version":[{"id":3954,"href":"https:\/\/heartforzambia.com\/hr\/wp-json\/wp\/v2\/pages\/1263\/revisions\/3954"}],"wp:attachment":[{"href":"https:\/\/heartforzambia.com\/hr\/wp-json\/wp\/v2\/media?parent=1263"}],"curies":[{"name":"wp","href":"https:\/\/api.w.org\/{rel}","templated":true}]}}