{"id":1265,"date":"2021-07-02T07:19:19","date_gmt":"2021-07-02T07:19:19","guid":{"rendered":"https:\/\/heartforzambia.com\/?page_id=1265"},"modified":"2021-10-14T07:12:19","modified_gmt":"2021-10-14T07:12:19","slug":"ukljucite-se","status":"publish","type":"page","link":"https:\/\/heartforzambia.com\/hr\/ukljucite-se\/","title":{"rendered":"Uklju\u010dite se"},"content":{"rendered":"\n<section class=\"wp-block-uagb-section uagb-section__wrap uagb-section__background-undefined uagb-block-04281430 content-style\"><div class=\"uagb-section__overlay\"><\/div><div class=\"uagb-section__inner-wrap\">\n<div class=\"wp-block-uagb-advanced-heading uagb-block-e591ff00 uagb-heading-text\"><h2 class=\"uagb-heading-text\">Donirajte<\/h2><p class=\"uagb-desc-text\">Zaklada \u201eSrce za Zambiju\u201c, poma\u017ee razvoju obrazovanja u Zambiji, posebno u Zapadnoj provinciji Zambije, najsiroma\u0161nijem i najnerazvijenijem dijelu ove afri\u010dke dr\u017eave, u kojem ljudi u materijalnom smislu doslovno nemaju ba\u0161 ni\u0161ta. Svaki pojedinac mo\u017ee doprinijeti da ovaj svijet postane boljim i ljudskijim. Va\u0161om donacijom poma\u017eete radu na\u0161e zaklade u korist obrazovanja najpotrebitije djece u Zambiji, koji ovise i o va\u0161im nov\u010danim prilozima.&nbsp;<br>Donacije uplatite sukladno Va\u0161oj \u017eelji i mogu\u0107nostima. Izaberite Vama najjednostavniju i najprikladniju opciju.<br><strong><br><\/strong><br><\/p><\/div>\n\n\n\n<h2 class=\"has-text-align-center wp-block-heading\">Donirajte putem PayPal ra\u010duna<\/h2>\n\n\n\n<p class=\"has-text-align-center\"><br>Donirati na\u0161oj zakladi mo\u017eete brzo i jednostavno putem PayPal ra\u010duna. Klikom na donji gumb, bit \u0107ete preusmjereni na PayPal stranicu zaklade gdje mo\u017eete dovr\u0161iti uplatu doniranih sredstava u bilo kojem iznosu, slijede\u0107i upute na ekranu.<\/p>\n\n\n\n<p><\/p>\n\n\n\n<div class=\"wp-block-buttons centered is-layout-flex wp-block-buttons-is-layout-flex\">\n<div class=\"wp-block-button is-style-fill\"><a class=\"wp-block-button__link has-background\" href=\"http:\/\/paypal.me\/srcezazambiju\" style=\"border-radius:8px;background-color:#ee1a3a\" target=\"_blank\" rel=\"http:\/\/paypal.me\/srcezazambiju noopener\">Donate via<br>PayPal<\/a><\/div>\n<\/div>\n\n\n\n<p><\/p>\n\n\n\n<p><\/p>\n\n\n\n<h2 class=\"has-text-align-center wp-block-heading\">Donirajte putem GoGetFunding platforme<\/h2>\n\n\n\n<p><\/p>\n\n\n\n<p class=\"has-text-align-center\">Donirati na\u0161oj zakladi mo\u017eete putem GoGetFunding platforme koja osigurava siguran i transparentan na\u010din doniranja.<br>Klikom na donji gumb, bit \u0107ete preusmjereni na GoGetFunding stranicu zaklade gdje mo\u017eete dovr\u0161iti uplatu doniranih sredstava.<\/p>\n\n\n\n<p><\/p>\n\n\n\n<div class=\"wp-block-buttons centered is-layout-flex wp-block-buttons-is-layout-flex\">\n<div class=\"wp-block-button is-style-fill\"><a class=\"wp-block-button__link has-background\" href=\"https:\/\/gogetfunding.com\/srce-za-zambiju\/\" style=\"border-radius:8px;background-color:#ee1a3a\" target=\"_blank\" rel=\"https:\/\/gogetfunding.com\/srce-za-zambiju\/ noopener\">Donate via<br>GoGetFunding<\/a><\/div>\n<\/div>\n\n\n\n<p><\/p>\n\n\n\n<p><\/p>\n\n\n\n<h2 class=\"has-text-align-center wp-block-heading\">Donirajte izravno na IBAN zaklade<\/h2>\n\n\n\n<p><\/p>\n\n\n\n<p class=\"has-text-align-center\">Donaciju mo\u017eete izvr\u0161iti i izravnim uplatama na bankovni ra\u010dun (IBAN) zaklade.<\/p>\n\n\n\n<p class=\"has-text-align-center\"><strong>Zaklada Srce za Zambiju<\/strong><\/p>\n\n\n\n<p class=\"has-text-align-center\"><strong>IBAN: <strong>HR7824080021100053032<\/strong><\/strong><\/p>\n\n\n\n<p class=\"has-text-align-center\"><strong>SWIFT: PAZGHR2X<\/strong><\/p>\n\n\n\n<p class=\"has-text-align-center\"><strong>Partner banka d.d. Zagreb<\/strong><\/p>\n\n\n\n<p class=\"has-text-align-center\"><strong>Von\u010dinina 2, 10000 Zagreb<\/strong><\/p>\n\n\n\n<p class=\"has-text-align-center\"><strong>OIB: <strong>94774043243<\/strong><\/strong><\/p>\n\n\n\n<p><\/p>\n<\/div><\/section>\n","protected":false},"excerpt":{"rendered":"","protected":false},"author":1,"featured_media":572,"parent":0,"menu_order":0,"comment_status":"closed","ping_status":"closed","template":"","meta":{"inline_featured_image":false,"_uag_custom_page_level_css":"","footnotes":""},"class_list":["post-1265","page","type-page","status-publish","has-post-thumbnail","hentry"],"aioseo_notices":[],"uagb_featured_image_src":{"full":["https:\/\/heartforzambia.com\/wp-content\/uploads\/2021\/06\/20190822_175219-scaled.jpeg",2560,1244,false],"thumbnail":["https:\/\/heartforzambia.com\/wp-content\/uploads\/2021\/06\/20190822_175219-scaled.jpeg",128,62,false],"medium":["https:\/\/heartforzambia.com\/wp-content\/uploads\/2021\/06\/20190822_175219-scaled.jpeg",2560,1244,false],"medium_large":["https:\/\/heartforzambia.com\/wp-content\/uploads\/2021\/06\/20190822_175219-768x373.jpeg",768,373,true],"large":["https:\/\/heartforzambia.com\/wp-content\/uploads\/2021\/06\/20190822_175219-scaled.jpeg",2560,1244,false],"1536x1536":["https:\/\/heartforzambia.com\/wp-content\/uploads\/2021\/06\/20190822_175219-1536x747.jpeg",1536,747,true],"2048x2048":["https:\/\/heartforzambia.com\/wp-content\/uploads\/2021\/06\/20190822_175219-2048x996.jpeg",2048,996,true]},"uagb_author_info":{"display_name":"profico","author_link":"https:\/\/heartforzambia.com\/hr\/author\/profico\/"},"uagb_comment_info":0,"uagb_excerpt":null,"_links":{"self":[{"href":"https:\/\/heartforzambia.com\/hr\/wp-json\/wp\/v2\/pages\/1265","targetHints":{"allow":["GET"]}}],"collection":[{"href":"https:\/\/heartforzambia.com\/hr\/wp-json\/wp\/v2\/pages"}],"about":[{"href":"https:\/\/heartforzambia.com\/hr\/wp-json\/wp\/v2\/types\/page"}],"author":[{"embeddable":true,"href":"https:\/\/heartforzambia.com\/hr\/wp-json\/wp\/v2\/users\/1"}],"replies":[{"embeddable":true,"href":"https:\/\/heartforzambia.com\/hr\/wp-json\/wp\/v2\/comments?post=1265"}],"version-history":[{"count":5,"href":"https:\/\/heartforzambia.com\/hr\/wp-json\/wp\/v2\/pages\/1265\/revisions"}],"predecessor-version":[{"id":3138,"href":"https:\/\/heartforzambia.com\/hr\/wp-json\/wp\/v2\/pages\/1265\/revisions\/3138"}],"wp:featuredmedia":[{"embeddable":true,"href":"https:\/\/heartforzambia.com\/hr\/wp-json\/wp\/v2\/media\/572"}],"wp:attachment":[{"href":"https:\/\/heartforzambia.com\/hr\/wp-json\/wp\/v2\/media?parent=1265"}],"curies":[{"name":"wp","href":"https:\/\/api.w.org\/{rel}","templated":true}]}}