{"id":67,"date":"2021-03-12T11:22:16","date_gmt":"2021-03-12T11:22:16","guid":{"rendered":"https:\/\/heartforzambia.com\/homepage\/"},"modified":"2021-10-25T12:34:12","modified_gmt":"2021-10-25T12:34:12","slug":"homepage","status":"publish","type":"page","link":"https:\/\/heartforzambia.com\/hr\/","title":{"rendered":"Homepage"},"content":{"rendered":"\n<section class=\"what-section wp-block-acf-what-we-do\">\n      <img loading=\"lazy\" decoding=\"async\" width=\"1618\" height=\"2460\" src=\"https:\/\/heartforzambia.com\/wp-content\/uploads\/2021\/06\/Home.png\" class=\"what-section__decoration-image what-section__decoration-image--desktop\" alt=\"\" srcset=\"https:\/\/heartforzambia.com\/wp-content\/uploads\/2021\/06\/Home.png 1618w, https:\/\/heartforzambia.com\/wp-content\/uploads\/2021\/06\/Home-768x1168.png 768w, https:\/\/heartforzambia.com\/wp-content\/uploads\/2021\/06\/Home-1010x1536.png 1010w, https:\/\/heartforzambia.com\/wp-content\/uploads\/2021\/06\/Home-1347x2048.png 1347w\" sizes=\"auto, (max-width: 1618px) 100vw, 1618px\" \/>    <img loading=\"lazy\" decoding=\"async\" width=\"2006\" height=\"1682\" src=\"https:\/\/heartforzambia.com\/wp-content\/uploads\/2021\/06\/Heart.png\" class=\"what-section__decoration-image what-section__decoration-image--mobile\" alt=\"\" srcset=\"https:\/\/heartforzambia.com\/wp-content\/uploads\/2021\/06\/Heart.png 2006w, https:\/\/heartforzambia.com\/wp-content\/uploads\/2021\/06\/Heart-768x644.png 768w, https:\/\/heartforzambia.com\/wp-content\/uploads\/2021\/06\/Heart-1536x1288.png 1536w\" sizes=\"auto, (max-width: 2006px) 100vw, 2006px\" \/>    <div class=\"what-section__container\">\n    <div class=\"what-section__row what-section__row--first what-section__row--author\">\n              <h3 class=\"what-section__row-headline\">\n          \u201cObrazovanje je najmo\u0107nije oru\u017eje koje mo\u017eete koristiti da promijenite svijet\u201d        <\/h3>\n                    <div class=\"what-section__row-author\">\n          Nelson Mandela        <\/div>\n                          <a href=\"https:\/\/heartforzambia.com\/hr\/ukljucite-se\/\" class=\"what-section__row-button btn\" target=\"\">\n          Donirajte        <\/a>\n          <\/div>\n    <div class=\"what-section__row what-section__row--second\">\n              <h3 class=\"what-section__row-headline\">\n          Srce za Zambiju        <\/h3>\n                    <div class=\"what-section__row-description\">\n          <p><span style=\"font-weight: 400\">Humanitarna zaklada Srce za Zambiju ima svrhu pomaganja obrazovnih projekata u Zapadnoj provinciji Zambije.<\/span><\/p>\n        <\/div>\n                    <a href=\"https:\/\/heartforzambia.com\/hr\/tko-smo-mi\/\" class=\"what-section__row-button btn btn--purple\" target=\"\">\n          Doznajte vi\u0161e        <\/a>\n          <\/div>\n  <\/div>\n<\/section>\n\n\n\n<section id=\"\" class=\"services-section wp-block-acf-service-boxes\" style=\"--background-color:#f5f5f5;\">\n      <img loading=\"lazy\" decoding=\"async\" width=\"1471\" height=\"1570\" src=\"https:\/\/heartforzambia.com\/wp-content\/uploads\/2021\/06\/Heart.svg\" class=\"services-section__decoration-image object-fit\" alt=\"\" \/>    <div class=\"services-section__container\">\n          <h3 class=\"services-section__headline\">\n        \u0160to radimo      <\/h3>\n        <div class=\"services-section__services\">\n              <div class=\"services-section__service\">\n          <div class=\"services-section__service-image-wrapper\">\n            <img loading=\"lazy\" decoding=\"async\" width=\"150\" height=\"150\" src=\"https:\/\/heartforzambia.com\/wp-content\/uploads\/2021\/06\/2-student-Homes.svg\" class=\"services-section__service-image\" alt=\"\" \/>          <\/div>\n          <div class=\"services-section__service-headline\">\n            2 studentska doma          <\/div>\n                      <a href=\"https:\/\/heartforzambia.com\/hr\/sto-radimo\/\" class=\"services-section__service-link\" target=\"\"><\/a>\n                  <\/div>\n              <div class=\"services-section__service\">\n          <div class=\"services-section__service-image-wrapper\">\n            <img loading=\"lazy\" decoding=\"async\" width=\"150\" height=\"150\" src=\"https:\/\/heartforzambia.com\/wp-content\/uploads\/2021\/06\/2-student-Homes.svg\" class=\"services-section__service-image\" alt=\"\" \/>          <\/div>\n          <div class=\"services-section__service-headline\">\n            Studentske stipendije          <\/div>\n                      <a href=\"https:\/\/heartforzambia.com\/hr\/sto-radimo\/\" class=\"services-section__service-link\" target=\"\"><\/a>\n                  <\/div>\n              <div class=\"services-section__service\">\n          <div class=\"services-section__service-image-wrapper\">\n            <img loading=\"lazy\" decoding=\"async\" width=\"123\" height=\"120\" src=\"https:\/\/heartforzambia.com\/wp-content\/uploads\/2021\/06\/3-Tons-of-Equipment.svg\" class=\"services-section__service-image\" alt=\"\" \/>          <\/div>\n          <div class=\"services-section__service-headline\">\n            Medicinska oprema          <\/div>\n                      <a href=\"https:\/\/heartforzambia.com\/hr\/sto-radimo\/\" class=\"services-section__service-link\" target=\"\"><\/a>\n                  <\/div>\n          <\/div>\n  <\/div>\n<\/section>\n\n\n\n<section class=\"stories-section wp-block-acf-stories\">\n  <div class=\"stories-section__container\">\n          <h3 class=\"stories-section__headline\">\n        Novosti &amp; Pri\u010de      <\/h3>\n      <\/div>\n  <div class=\"stories-section__container stories-section__container--posts\">\n    <div class=\"stories-section__posts\">\n      <div class=\"stories-section__posts-column stories-section__posts-column--big\">\n        \n<article class=\"article-grid article-grid--full\">\n  <div class=\"article-grid__container\">\n    <a href=\"https:\/\/heartforzambia.com\/hr\/bozic-bog-koji-trazi-covjeka\/\" class=\"article-grid__link\" aria-label=\"BO\u017dI\u0106 &#8211; BOG KOJI TRA\u017dI \u010cOVJEKA\"><\/a>\n    <div class=\"article-grid__media\">\n      <img loading=\"lazy\" decoding=\"async\" width=\"1400\" height=\"700\" src=\"https:\/\/heartforzambia.com\/wp-content\/uploads\/2023\/12\/1.jpg\" class=\"article-grid__media-image\" alt=\"\" srcset=\"https:\/\/heartforzambia.com\/wp-content\/uploads\/2023\/12\/1.jpg 1400w, https:\/\/heartforzambia.com\/wp-content\/uploads\/2023\/12\/1-768x384.jpg 768w\" sizes=\"auto, (max-width: 1400px) 100vw, 1400px\" \/>    <\/div>\n    <div class=\"article-grid__content\">\n      <div class=\"article-grid__category\" style=\"color: #2cc479;\">\n        Novosti      <\/div>\n      <h4 class=\"article-grid__heading\">\n        <a class=\"article-grid__heading-link\" href=\"https:\/\/heartforzambia.com\/hr\/bozic-bog-koji-trazi-covjeka\/\">\n          BO\u017dI\u0106 &#8211; BOG KOJI TRA\u017dI \u010cOVJEKA        <\/a>\n      <\/h4>\n      <div class=\"article-grid__excerpt\">\n        \u201eZa Isusa je najva\u017enije dose\u0107i i spasiti one koji su daleko, vidati rane bolesnima, ponovno integrirati sve u Bo\u017eju obitelj. A to neke sabla\u017enjava! A Isus se ne boji ovakve&hellip;      <\/div>\n      <a href=\"https:\/\/heartforzambia.com\/hr\/bozic-bog-koji-trazi-covjeka\/\" class=\"article-grid__more-link\">\n        Learn more      <\/a>\n    <\/div>\n  <\/div>\n<\/article>\n      <\/div>\n      <div class=\"stories-section__posts-column stories-section__posts-column--small\">\n        \n<article class=\"article-grid \">\n  <div class=\"article-grid__container\">\n    <div class=\"article-grid__media\">\n      <img loading=\"lazy\" decoding=\"async\" width=\"2560\" height=\"1244\" src=\"https:\/\/heartforzambia.com\/wp-content\/uploads\/2023\/11\/1-scaled.jpg\" class=\"article-grid__media-image\" alt=\"\" srcset=\"https:\/\/heartforzambia.com\/wp-content\/uploads\/2023\/11\/1-scaled.jpg 2560w, https:\/\/heartforzambia.com\/wp-content\/uploads\/2023\/11\/1-768x373.jpg 768w, https:\/\/heartforzambia.com\/wp-content\/uploads\/2023\/11\/1-1536x747.jpg 1536w, https:\/\/heartforzambia.com\/wp-content\/uploads\/2023\/11\/1-2048x996.jpg 2048w\" sizes=\"auto, (max-width: 2560px) 100vw, 2560px\" \/>      <a href=\"https:\/\/heartforzambia.com\/hr\/sedmi-svjetski-dan-siromaha\/\" class=\"article-grid__media-link\" aria-label=\"SEDMI SVJETSKI DAN SIROMAHA (19. 11. 2023.)\"><\/a>\n    <\/div>\n    <div class=\"article-grid__content\">\n      <div class=\"article-grid__category\" style=\"color: ;\">\n              <\/div>\n      <h4 class=\"article-grid__heading\">\n        <a class=\"article-grid__heading-link\" href=\"https:\/\/heartforzambia.com\/hr\/sedmi-svjetski-dan-siromaha\/\">\n          SEDMI SVJETSKI DAN SIROMAHA (19. 11. 2023.)        <\/a>\n      <\/h4>\n      <div class=\"article-grid__excerpt\">\n        \u201eNe okre\u0107i lica od siromaha\u201c&nbsp;(Tob 4, 7) \u201eRijeka siroma\u0161tva te\u010de kroz na\u0161e gradove i sela&hellip;      <\/div>\n      <a href=\"https:\/\/heartforzambia.com\/hr\/sedmi-svjetski-dan-siromaha\/\" class=\"article-grid__more-link\">\n        Learn more      <\/a>\n    <\/div>\n  <\/div>\n<\/article>\n\n<article class=\"article-grid \">\n  <div class=\"article-grid__container\">\n    <div class=\"article-grid__media\">\n      <img loading=\"lazy\" decoding=\"async\" width=\"2560\" height=\"1441\" src=\"https:\/\/heartforzambia.com\/wp-content\/uploads\/2023\/09\/1-2-scaled.jpg\" class=\"article-grid__media-image\" alt=\"\" srcset=\"https:\/\/heartforzambia.com\/wp-content\/uploads\/2023\/09\/1-2-scaled.jpg 2560w, https:\/\/heartforzambia.com\/wp-content\/uploads\/2023\/09\/1-2-768x432.jpg 768w, https:\/\/heartforzambia.com\/wp-content\/uploads\/2023\/09\/1-2-1536x865.jpg 1536w, https:\/\/heartforzambia.com\/wp-content\/uploads\/2023\/09\/1-2-2048x1153.jpg 2048w\" sizes=\"auto, (max-width: 2560px) 100vw, 2560px\" \/>      <a href=\"https:\/\/heartforzambia.com\/hr\/proslava-srebrenog-jubileja-u-misiji-nawinda\/\" class=\"article-grid__media-link\" aria-label=\"PROSLAVA SREBRENOG JUBILEJA U MISIJI NAWINDA\"><\/a>\n    <\/div>\n    <div class=\"article-grid__content\">\n      <div class=\"article-grid__category\" style=\"color: ;\">\n              <\/div>\n      <h4 class=\"article-grid__heading\">\n        <a class=\"article-grid__heading-link\" href=\"https:\/\/heartforzambia.com\/hr\/proslava-srebrenog-jubileja-u-misiji-nawinda\/\">\n          PROSLAVA SREBRENOG JUBILEJA U MISIJI NAWINDA        <\/a>\n      <\/h4>\n      <div class=\"article-grid__excerpt\">\n        \u201e\u0160to god u\u010diniste jednom od ove moje najmanje bra\u0107e, meni u\u010diniste!\u201c (Mt 25, 45) U&hellip;      <\/div>\n      <a href=\"https:\/\/heartforzambia.com\/hr\/proslava-srebrenog-jubileja-u-misiji-nawinda\/\" class=\"article-grid__more-link\">\n        Learn more      <\/a>\n    <\/div>\n  <\/div>\n<\/article>\n\n<article class=\"article-grid \">\n  <div class=\"article-grid__container\">\n    <div class=\"article-grid__media\">\n      <img loading=\"lazy\" decoding=\"async\" width=\"2560\" height=\"1920\" src=\"https:\/\/heartforzambia.com\/wp-content\/uploads\/2023\/09\/1-1-scaled.jpg\" class=\"article-grid__media-image\" alt=\"\" srcset=\"https:\/\/heartforzambia.com\/wp-content\/uploads\/2023\/09\/1-1-scaled.jpg 2560w, https:\/\/heartforzambia.com\/wp-content\/uploads\/2023\/09\/1-1-768x576.jpg 768w, https:\/\/heartforzambia.com\/wp-content\/uploads\/2023\/09\/1-1-1536x1152.jpg 1536w, https:\/\/heartforzambia.com\/wp-content\/uploads\/2023\/09\/1-1-2048x1536.jpg 2048w\" sizes=\"auto, (max-width: 2560px) 100vw, 2560px\" \/>      <a href=\"https:\/\/heartforzambia.com\/hr\/susret-sa-studentima-naseg-studentskog-doma\/\" class=\"article-grid__media-link\" aria-label=\"SUSRET SA STUDENTIMA NA\u0160EG STUDENTSKOG DOMA\"><\/a>\n    <\/div>\n    <div class=\"article-grid__content\">\n      <div class=\"article-grid__category\" style=\"color: #2cc479;\">\n        Novosti      <\/div>\n      <h4 class=\"article-grid__heading\">\n        <a class=\"article-grid__heading-link\" href=\"https:\/\/heartforzambia.com\/hr\/susret-sa-studentima-naseg-studentskog-doma\/\">\n          SUSRET SA STUDENTIMA NA\u0160EG STUDENTSKOG DOMA        <\/a>\n      <\/h4>\n      <div class=\"article-grid__excerpt\">\n        Zaklada \u201eSrce za Zambiju\u201c u Livingstonu je u velja\u010di 2020. godine otvorila studentski dom za&hellip;      <\/div>\n      <a href=\"https:\/\/heartforzambia.com\/hr\/susret-sa-studentima-naseg-studentskog-doma\/\" class=\"article-grid__more-link\">\n        Learn more      <\/a>\n    <\/div>\n  <\/div>\n<\/article>\n      <\/div>\n    <\/div>\n  <\/div>\n<\/section>\n\n\n\n<section id=\"get-involved\" class=\"get-involved-section wp-block-acf-get-involved\" style=\"--background-color:#f5f5f5;\">\n      <img loading=\"lazy\" decoding=\"async\" width=\"1233\" height=\"1142\" src=\"https:\/\/heartforzambia.com\/wp-content\/uploads\/2021\/06\/White-Heart.svg\" class=\"get-involved-section__decoration-image object-fit\" alt=\"\" \/>    <div class=\"get-involved-section__container\">\n    <div class=\"get-involved-section__column\">\n              <h3 class=\"get-involved-section__headline\">\n          Uklju\u010dite se        <\/h3>\n                    <div class=\"get-involved-section__description\">\n          <p>Va\u0161om donacijom poma\u017eete radu na\u0161e zaklade u korist obrazovanja najpotrebitije djece u Zambiji, koji ovise i o va\u0161im nov\u010danim prilozima.<\/p>\n<p>Donacije uplatite sukladno Va\u0161oj \u017eelji i mogu\u0107nostima. Izaberite Vama najjednostavniju i najprikladniju opciju.<\/p>\n        <\/div>\n          <\/div>\n    <div class=\"get-involved-section__column\">\n              <div class=\"get-involved-section__form\">\n          \n<div class=\"wpcf7 no-js\" id=\"wpcf7-f89-o1\" lang=\"en-US\" dir=\"ltr\">\n<div class=\"screen-reader-response\"><p role=\"status\" aria-live=\"polite\" aria-atomic=\"true\"><\/p> <ul><\/ul><\/div>\n<form action=\"\/hr\/wp-json\/wp\/v2\/pages\/67#wpcf7-f89-o1\" method=\"post\" class=\"wpcf7-form init\" aria-label=\"Contact form\" novalidate=\"novalidate\" data-status=\"init\">\n<div style=\"display: none;\">\n<input type=\"hidden\" name=\"_wpcf7\" value=\"89\" \/>\n<input type=\"hidden\" name=\"_wpcf7_version\" value=\"5.7.7\" \/>\n<input type=\"hidden\" name=\"_wpcf7_locale\" value=\"en_US\" \/>\n<input type=\"hidden\" name=\"_wpcf7_unit_tag\" value=\"wpcf7-f89-o1\" \/>\n<input type=\"hidden\" name=\"_wpcf7_container_post\" value=\"0\" \/>\n<input type=\"hidden\" name=\"_wpcf7_posted_data_hash\" value=\"\" \/>\n<\/div>\n<p>\t\t<div id=\"cf7md-form\" class=\"cf7md-form\">\n\t\t\t<div class=\"mdc-layout-grid\">\n\t\t\t\t<div class=\"mdc-layout-grid__inner\">\n\t\t\t\t\t\t\t\t\t\t\n<\/p>\n\t\t\n\t\t<div class=\"cf7md-item cf7md-text mdc-layout-grid__cell mdc-layout-grid__cell--span-12\">\n\t\t\t<br \/>\n<span class=\"wpcf7-form-control-wrap\" data-name=\"first-name\"><input size=\"40\" class=\"wpcf7-form-control wpcf7-text wpcf7-validates-as-required\" aria-required=\"true\" aria-invalid=\"false\" value=\"\" type=\"text\" name=\"first-name\" \/><\/span><br \/>\n\t\t\t\t\t\t<div style=\"display: none;\" class=\"cf7md-text-html\">\n\t\t\t\t<div class=\"mdc-text-field \">\n\t\t\t\t\t\n\t\t\t\t\t\t\t\t\t\t\t<label class=\"mdc-floating-label\">Ime<\/label>\n\t\t\t\t\t\t<div class=\"mdc-line-ripple\"><\/div>\n\t\t\t\t\t\t\t\t\t<\/div>\n\t\t\t<\/div>\n\t\t<\/div>\n\t\t\n\t\t\n\t\t<div class=\"cf7md-item cf7md-text mdc-layout-grid__cell mdc-layout-grid__cell--span-12\">\n\t\t\t<br \/>\n<span class=\"wpcf7-form-control-wrap\" data-name=\"last-name\"><input size=\"40\" class=\"wpcf7-form-control wpcf7-text wpcf7-validates-as-required\" aria-required=\"true\" aria-invalid=\"false\" value=\"\" type=\"text\" name=\"last-name\" \/><\/span><br \/>\n\t\t\t\t\t\t<div style=\"display: none;\" class=\"cf7md-text-html\">\n\t\t\t\t<div class=\"mdc-text-field \">\n\t\t\t\t\t\n\t\t\t\t\t\t\t\t\t\t\t<label class=\"mdc-floating-label\">Prezime<\/label>\n\t\t\t\t\t\t<div class=\"mdc-line-ripple\"><\/div>\n\t\t\t\t\t\t\t\t\t<\/div>\n\t\t\t<\/div>\n\t\t<\/div>\n\t\t\n\t\t\n\t\t<div class=\"cf7md-item cf7md-text mdc-layout-grid__cell mdc-layout-grid__cell--span-12\">\n\t\t\t<br \/>\n<span class=\"wpcf7-form-control-wrap\" data-name=\"email\"><input size=\"40\" class=\"wpcf7-form-control wpcf7-text wpcf7-email wpcf7-validates-as-required wpcf7-validates-as-email\" aria-required=\"true\" aria-invalid=\"false\" value=\"\" type=\"email\" name=\"email\" \/><\/span><br \/>\n\t\t\t\t\t\t<div style=\"display: none;\" class=\"cf7md-text-html\">\n\t\t\t\t<div class=\"mdc-text-field \">\n\t\t\t\t\t\n\t\t\t\t\t\t\t\t\t\t\t<label class=\"mdc-floating-label\">E-mail Adresa<\/label>\n\t\t\t\t\t\t<div class=\"mdc-line-ripple\"><\/div>\n\t\t\t\t\t\t\t\t\t<\/div>\n\t\t\t<\/div>\n\t\t<\/div>\n\t\t\n\t\t<div class=\"cf7md-item cf7md-submit mdc-layout-grid__cell mdc-layout-grid__cell--span-12\" data-button-style=\"raised\">\n\t\t\t<br \/>\n<input class=\"wpcf7-form-control has-spinner wpcf7-submit btn\" type=\"submit\" value=\"Get E-mail Update\" \/><br \/>\n\t\t\t<svg class=\"cf7md-spinner\" width=\"25px\" height=\"25px\" viewBox=\"0 0 66 66\" xmlns=\"http:\/\/www.w3.org\/2000\/svg\">\n\t\t\t\t<circle class=\"cf7md-spinner-path\" fill=\"none\" stroke-width=\"6\" stroke-linecap=\"round\" cx=\"33\" cy=\"33\" r=\"30\"><\/circle>\n\t\t\t<\/svg>\n\t\t<\/div>\n\t\t\n\t\t\t\t\t\t\t\t\t<\/div>\n\t\t\t<\/div>\n\t\t<\/div>\n\t\t\n<\/p><div class=\"wpcf7-response-output\" aria-hidden=\"true\"><\/div>\n<\/form>\n<\/div>\n        <\/div>\n          <\/div>\n  <\/div>\n<\/section>\n","protected":false},"excerpt":{"rendered":"","protected":false},"author":1,"featured_media":0,"parent":0,"menu_order":0,"comment_status":"closed","ping_status":"closed","template":"","meta":{"inline_featured_image":false,"_uag_custom_page_level_css":"","footnotes":""},"class_list":["post-67","page","type-page","status-publish","hentry"],"aioseo_notices":[],"uagb_featured_image_src":{"full":false,"thumbnail":false,"medium":false,"medium_large":false,"large":false,"1536x1536":false,"2048x2048":false},"uagb_author_info":{"display_name":"profico","author_link":"https:\/\/heartforzambia.com\/hr\/author\/profico\/"},"uagb_comment_info":0,"uagb_excerpt":null,"_links":{"self":[{"href":"https:\/\/heartforzambia.com\/hr\/wp-json\/wp\/v2\/pages\/67","targetHints":{"allow":["GET"]}}],"collection":[{"href":"https:\/\/heartforzambia.com\/hr\/wp-json\/wp\/v2\/pages"}],"about":[{"href":"https:\/\/heartforzambia.com\/hr\/wp-json\/wp\/v2\/types\/page"}],"author":[{"embeddable":true,"href":"https:\/\/heartforzambia.com\/hr\/wp-json\/wp\/v2\/users\/1"}],"replies":[{"embeddable":true,"href":"https:\/\/heartforzambia.com\/hr\/wp-json\/wp\/v2\/comments?post=67"}],"version-history":[{"count":18,"href":"https:\/\/heartforzambia.com\/hr\/wp-json\/wp\/v2\/pages\/67\/revisions"}],"predecessor-version":[{"id":3180,"href":"https:\/\/heartforzambia.com\/hr\/wp-json\/wp\/v2\/pages\/67\/revisions\/3180"}],"wp:attachment":[{"href":"https:\/\/heartforzambia.com\/hr\/wp-json\/wp\/v2\/media?parent=67"}],"curies":[{"name":"wp","href":"https:\/\/api.w.org\/{rel}","templated":true}]}}